{"id":5223,"date":"2026-01-08T04:33:29","date_gmt":"2026-01-08T09:33:29","guid":{"rendered":"https:\/\/eveready.com\/lat\/mexico\/?post_type=product&#038;p=5223"},"modified":"2026-03-24T07:06:31","modified_gmt":"2026-03-24T11:06:31","slug":"eveready-headlight-55","status":"publish","type":"product","link":"https:\/\/eveready.com\/lat\/mexico\/product\/eveready-headlight-55\/","title":{"rendered":"EVEREADY\u00ae L\u00c1MPARA DE CABEZA 55"},"content":{"rendered":"<p><strong>Caracter\u00edsticas y Ventajas<\/strong><\/p>\n<ul>\n<li>Brillante, compacta y ligera para una excelente experiencia de uso manos libres.<\/li>\n<li>Hasta 12 veces m\u00e1s brillante que la tecnolog\u00eda LED est\u00e1ndar.<\/li>\n<li>2 modos: Alto y Bajo.<\/li>\n<li>Bot\u00f3n de presi\u00f3n f\u00e1cil de usar.<\/li>\n<li>Banda ajustable, removible y lavable.<\/li>\n<li>Construcci\u00f3n duradera con lente inastillable.<\/li>\n<\/ul>\n","protected":false},"excerpt":{"rendered":"<p>La l\u00e1mpara de cabeza compacta es una soluci\u00f3n de iluminaci\u00f3n confiable que combina la tecnolog\u00eda LED actual con un dise\u00f1o manos libres para una excelente experiencia de uso. Con un sencillo bot\u00f3n de presi\u00f3n, los usuarios pueden activar la tecnolog\u00eda LED que ofrece un gran equilibrio entre brillo y horas de autonom\u00eda. Gracias a su correa ajustable y c\u00f3moda, la l\u00e1mpara de cabeza compacta se adapta a una gran variedad de necesidades, desde tareas cotidianas hasta el trabajo.<\/p>\n","protected":false},"featured_media":5224,"comment_status":"open","ping_status":"closed","template":"","meta":{"_acf_changed":false},"product_brand":[],"product_cat":[62,39],"product_tag":[],"class_list":{"0":"post-5223","1":"product","2":"type-product","3":"status-publish","4":"has-post-thumbnail","6":"product_cat-hands-free","7":"product_cat-lighting","9":"first","10":"instock","11":"shipping-taxable","12":"product-type-simple"},"yoast_head":"<!-- This site is optimized with the Yoast SEO plugin v27.4 - https:\/\/yoast.com\/product\/yoast-seo-wordpress\/ -->\n<title>EVEREADY\u00ae L\u00c1MPARA DE CABEZA 55 - Eveready Mexico<\/title>\n<meta name=\"robots\" content=\"index, follow, max-snippet:-1, max-image-preview:large, max-video-preview:-1\" \/>\n<link rel=\"canonical\" href=\"https:\/\/eveready.com\/lat\/mexico\/product\/eveready-headlight-55\/\" \/>\n<meta property=\"og:locale\" content=\"en_US\" \/>\n<meta property=\"og:type\" content=\"article\" \/>\n<meta property=\"og:title\" content=\"EVEREADY\u00ae L\u00c1MPARA DE CABEZA 55 - Eveready Mexico\" \/>\n<meta property=\"og:description\" content=\"La l\u00e1mpara de cabeza compacta es una soluci\u00f3n de iluminaci\u00f3n confiable que combina la tecnolog\u00eda LED actual con un dise\u00f1o manos libres para una excelente experiencia de uso. Con un sencillo bot\u00f3n de presi\u00f3n, los usuarios pueden activar la tecnolog\u00eda LED que ofrece un gran equilibrio entre brillo y horas de autonom\u00eda. Gracias a su correa ajustable y c\u00f3moda, la l\u00e1mpara de cabeza compacta se adapta a una gran variedad de necesidades, desde tareas cotidianas hasta el trabajo.\" \/>\n<meta property=\"og:url\" content=\"https:\/\/eveready.com\/lat\/mexico\/product\/eveready-headlight-55\/\" \/>\n<meta property=\"og:site_name\" content=\"Eveready Mexico\" \/>\n<meta property=\"article:modified_time\" content=\"2026-03-24T11:06:31+00:00\" \/>\n<meta property=\"og:image\" content=\"https:\/\/eveready.com\/lat\/mexico\/wp-content\/uploads\/sites\/7\/2026\/01\/EVEREADY\u00ae-HEADLIGHT-55.png\" \/>\n\t<meta property=\"og:image:width\" content=\"800\" \/>\n\t<meta property=\"og:image:height\" content=\"800\" \/>\n\t<meta property=\"og:image:type\" content=\"image\/png\" \/>\n<meta name=\"twitter:card\" content=\"summary_large_image\" \/>\n<meta name=\"twitter:label1\" content=\"Est. reading time\" \/>\n\t<meta name=\"twitter:data1\" content=\"1 minute\" \/>\n<script type=\"application\/ld+json\" class=\"yoast-schema-graph\">{\"@context\":\"https:\\\/\\\/schema.org\",\"@graph\":[{\"@type\":\"WebPage\",\"@id\":\"https:\\\/\\\/eveready.com\\\/lat\\\/mexico\\\/product\\\/eveready-headlight-55\\\/\",\"url\":\"https:\\\/\\\/eveready.com\\\/lat\\\/mexico\\\/product\\\/eveready-headlight-55\\\/\",\"name\":\"EVEREADY\u00ae L\u00c1MPARA DE CABEZA 55 - Eveready Mexico\",\"isPartOf\":{\"@id\":\"https:\\\/\\\/eveready.com\\\/lat\\\/mexico\\\/#website\"},\"primaryImageOfPage\":{\"@id\":\"https:\\\/\\\/eveready.com\\\/lat\\\/mexico\\\/product\\\/eveready-headlight-55\\\/#primaryimage\"},\"image\":{\"@id\":\"https:\\\/\\\/eveready.com\\\/lat\\\/mexico\\\/product\\\/eveready-headlight-55\\\/#primaryimage\"},\"thumbnailUrl\":\"https:\\\/\\\/eveready.com\\\/lat\\\/mexico\\\/wp-content\\\/uploads\\\/sites\\\/7\\\/2026\\\/01\\\/EVEREADY\u00ae-HEADLIGHT-55.png\",\"datePublished\":\"2026-01-08T09:33:29+00:00\",\"dateModified\":\"2026-03-24T11:06:31+00:00\",\"breadcrumb\":{\"@id\":\"https:\\\/\\\/eveready.com\\\/lat\\\/mexico\\\/product\\\/eveready-headlight-55\\\/#breadcrumb\"},\"inLanguage\":\"en-US\",\"potentialAction\":[{\"@type\":\"ReadAction\",\"target\":[\"https:\\\/\\\/eveready.com\\\/lat\\\/mexico\\\/product\\\/eveready-headlight-55\\\/\"]}]},{\"@type\":\"ImageObject\",\"inLanguage\":\"en-US\",\"@id\":\"https:\\\/\\\/eveready.com\\\/lat\\\/mexico\\\/product\\\/eveready-headlight-55\\\/#primaryimage\",\"url\":\"https:\\\/\\\/eveready.com\\\/lat\\\/mexico\\\/wp-content\\\/uploads\\\/sites\\\/7\\\/2026\\\/01\\\/EVEREADY\u00ae-HEADLIGHT-55.png\",\"contentUrl\":\"https:\\\/\\\/eveready.com\\\/lat\\\/mexico\\\/wp-content\\\/uploads\\\/sites\\\/7\\\/2026\\\/01\\\/EVEREADY\u00ae-HEADLIGHT-55.png\",\"width\":800,\"height\":800},{\"@type\":\"BreadcrumbList\",\"@id\":\"https:\\\/\\\/eveready.com\\\/lat\\\/mexico\\\/product\\\/eveready-headlight-55\\\/#breadcrumb\",\"itemListElement\":[{\"@type\":\"ListItem\",\"position\":1,\"name\":\"Home\",\"item\":\"https:\\\/\\\/eveready.com\\\/lat\\\/mexico\\\/\"},{\"@type\":\"ListItem\",\"position\":2,\"name\":\"Products\",\"item\":\"https:\\\/\\\/eveready.com\\\/lat\\\/mexico\\\/shop\\\/\"},{\"@type\":\"ListItem\",\"position\":3,\"name\":\"EVEREADY\u00ae L\u00c1MPARA DE CABEZA 55\"}]},{\"@type\":\"WebSite\",\"@id\":\"https:\\\/\\\/eveready.com\\\/lat\\\/mexico\\\/#website\",\"url\":\"https:\\\/\\\/eveready.com\\\/lat\\\/mexico\\\/\",\"name\":\"Eveready Mexico\",\"description\":\"\",\"publisher\":{\"@id\":\"https:\\\/\\\/eveready.com\\\/lat\\\/mexico\\\/#organization\"},\"potentialAction\":[{\"@type\":\"SearchAction\",\"target\":{\"@type\":\"EntryPoint\",\"urlTemplate\":\"https:\\\/\\\/eveready.com\\\/lat\\\/mexico\\\/?s={search_term_string}\"},\"query-input\":{\"@type\":\"PropertyValueSpecification\",\"valueRequired\":true,\"valueName\":\"search_term_string\"}}],\"inLanguage\":\"en-US\"},{\"@type\":\"Organization\",\"@id\":\"https:\\\/\\\/eveready.com\\\/lat\\\/mexico\\\/#organization\",\"name\":\"Eveready Mexico\",\"url\":\"https:\\\/\\\/eveready.com\\\/lat\\\/mexico\\\/\",\"logo\":{\"@type\":\"ImageObject\",\"inLanguage\":\"en-US\",\"@id\":\"https:\\\/\\\/eveready.com\\\/lat\\\/mexico\\\/#\\\/schema\\\/logo\\\/image\\\/\",\"url\":\"https:\\\/\\\/eveready.com\\\/lat\\\/mexico\\\/wp-content\\\/uploads\\\/sites\\\/7\\\/2025\\\/08\\\/logo-eveready.png\",\"contentUrl\":\"https:\\\/\\\/eveready.com\\\/lat\\\/mexico\\\/wp-content\\\/uploads\\\/sites\\\/7\\\/2025\\\/08\\\/logo-eveready.png\",\"width\":855,\"height\":220,\"caption\":\"Eveready Mexico\"},\"image\":{\"@id\":\"https:\\\/\\\/eveready.com\\\/lat\\\/mexico\\\/#\\\/schema\\\/logo\\\/image\\\/\"}}]}<\/script>\n<!-- \/ Yoast SEO plugin. -->","yoast_head_json":{"title":"EVEREADY\u00ae L\u00c1MPARA DE CABEZA 55 - Eveready Mexico","robots":{"index":"index","follow":"follow","max-snippet":"max-snippet:-1","max-image-preview":"max-image-preview:large","max-video-preview":"max-video-preview:-1"},"canonical":"https:\/\/eveready.com\/lat\/mexico\/product\/eveready-headlight-55\/","og_locale":"en_US","og_type":"article","og_title":"EVEREADY\u00ae L\u00c1MPARA DE CABEZA 55 - Eveready Mexico","og_description":"La l\u00e1mpara de cabeza compacta es una soluci\u00f3n de iluminaci\u00f3n confiable que combina la tecnolog\u00eda LED actual con un dise\u00f1o manos libres para una excelente experiencia de uso. Con un sencillo bot\u00f3n de presi\u00f3n, los usuarios pueden activar la tecnolog\u00eda LED que ofrece un gran equilibrio entre brillo y horas de autonom\u00eda. Gracias a su correa ajustable y c\u00f3moda, la l\u00e1mpara de cabeza compacta se adapta a una gran variedad de necesidades, desde tareas cotidianas hasta el trabajo.","og_url":"https:\/\/eveready.com\/lat\/mexico\/product\/eveready-headlight-55\/","og_site_name":"Eveready Mexico","article_modified_time":"2026-03-24T11:06:31+00:00","og_image":[{"width":800,"height":800,"url":"https:\/\/eveready.com\/lat\/mexico\/wp-content\/uploads\/sites\/7\/2026\/01\/EVEREADY\u00ae-HEADLIGHT-55.png","type":"image\/png"}],"twitter_card":"summary_large_image","twitter_misc":{"Est. reading time":"1 minute"},"schema":{"@context":"https:\/\/schema.org","@graph":[{"@type":"WebPage","@id":"https:\/\/eveready.com\/lat\/mexico\/product\/eveready-headlight-55\/","url":"https:\/\/eveready.com\/lat\/mexico\/product\/eveready-headlight-55\/","name":"EVEREADY\u00ae L\u00c1MPARA DE CABEZA 55 - Eveready Mexico","isPartOf":{"@id":"https:\/\/eveready.com\/lat\/mexico\/#website"},"primaryImageOfPage":{"@id":"https:\/\/eveready.com\/lat\/mexico\/product\/eveready-headlight-55\/#primaryimage"},"image":{"@id":"https:\/\/eveready.com\/lat\/mexico\/product\/eveready-headlight-55\/#primaryimage"},"thumbnailUrl":"https:\/\/eveready.com\/lat\/mexico\/wp-content\/uploads\/sites\/7\/2026\/01\/EVEREADY\u00ae-HEADLIGHT-55.png","datePublished":"2026-01-08T09:33:29+00:00","dateModified":"2026-03-24T11:06:31+00:00","breadcrumb":{"@id":"https:\/\/eveready.com\/lat\/mexico\/product\/eveready-headlight-55\/#breadcrumb"},"inLanguage":"en-US","potentialAction":[{"@type":"ReadAction","target":["https:\/\/eveready.com\/lat\/mexico\/product\/eveready-headlight-55\/"]}]},{"@type":"ImageObject","inLanguage":"en-US","@id":"https:\/\/eveready.com\/lat\/mexico\/product\/eveready-headlight-55\/#primaryimage","url":"https:\/\/eveready.com\/lat\/mexico\/wp-content\/uploads\/sites\/7\/2026\/01\/EVEREADY\u00ae-HEADLIGHT-55.png","contentUrl":"https:\/\/eveready.com\/lat\/mexico\/wp-content\/uploads\/sites\/7\/2026\/01\/EVEREADY\u00ae-HEADLIGHT-55.png","width":800,"height":800},{"@type":"BreadcrumbList","@id":"https:\/\/eveready.com\/lat\/mexico\/product\/eveready-headlight-55\/#breadcrumb","itemListElement":[{"@type":"ListItem","position":1,"name":"Home","item":"https:\/\/eveready.com\/lat\/mexico\/"},{"@type":"ListItem","position":2,"name":"Products","item":"https:\/\/eveready.com\/lat\/mexico\/shop\/"},{"@type":"ListItem","position":3,"name":"EVEREADY\u00ae L\u00c1MPARA DE CABEZA 55"}]},{"@type":"WebSite","@id":"https:\/\/eveready.com\/lat\/mexico\/#website","url":"https:\/\/eveready.com\/lat\/mexico\/","name":"Eveready Mexico","description":"","publisher":{"@id":"https:\/\/eveready.com\/lat\/mexico\/#organization"},"potentialAction":[{"@type":"SearchAction","target":{"@type":"EntryPoint","urlTemplate":"https:\/\/eveready.com\/lat\/mexico\/?s={search_term_string}"},"query-input":{"@type":"PropertyValueSpecification","valueRequired":true,"valueName":"search_term_string"}}],"inLanguage":"en-US"},{"@type":"Organization","@id":"https:\/\/eveready.com\/lat\/mexico\/#organization","name":"Eveready Mexico","url":"https:\/\/eveready.com\/lat\/mexico\/","logo":{"@type":"ImageObject","inLanguage":"en-US","@id":"https:\/\/eveready.com\/lat\/mexico\/#\/schema\/logo\/image\/","url":"https:\/\/eveready.com\/lat\/mexico\/wp-content\/uploads\/sites\/7\/2025\/08\/logo-eveready.png","contentUrl":"https:\/\/eveready.com\/lat\/mexico\/wp-content\/uploads\/sites\/7\/2025\/08\/logo-eveready.png","width":855,"height":220,"caption":"Eveready Mexico"},"image":{"@id":"https:\/\/eveready.com\/lat\/mexico\/#\/schema\/logo\/image\/"}}]}},"acf":[],"_links":{"self":[{"href":"https:\/\/eveready.com\/lat\/mexico\/wp-json\/wp\/v2\/product\/5223","targetHints":{"allow":["GET"]}}],"collection":[{"href":"https:\/\/eveready.com\/lat\/mexico\/wp-json\/wp\/v2\/product"}],"about":[{"href":"https:\/\/eveready.com\/lat\/mexico\/wp-json\/wp\/v2\/types\/product"}],"replies":[{"embeddable":true,"href":"https:\/\/eveready.com\/lat\/mexico\/wp-json\/wp\/v2\/comments?post=5223"}],"wp:featuredmedia":[{"embeddable":true,"href":"https:\/\/eveready.com\/lat\/mexico\/wp-json\/wp\/v2\/media\/5224"}],"wp:attachment":[{"href":"https:\/\/eveready.com\/lat\/mexico\/wp-json\/wp\/v2\/media?parent=5223"}],"wp:term":[{"taxonomy":"product_brand","embeddable":true,"href":"https:\/\/eveready.com\/lat\/mexico\/wp-json\/wp\/v2\/product_brand?post=5223"},{"taxonomy":"product_cat","embeddable":true,"href":"https:\/\/eveready.com\/lat\/mexico\/wp-json\/wp\/v2\/product_cat?post=5223"},{"taxonomy":"product_tag","embeddable":true,"href":"https:\/\/eveready.com\/lat\/mexico\/wp-json\/wp\/v2\/product_tag?post=5223"}],"curies":[{"name":"wp","href":"https:\/\/api.w.org\/{rel}","templated":true}]}}